{"id":83,"date":"2016-01-29T06:17:25","date_gmt":"2016-01-29T06:17:25","guid":{"rendered":"http:\/\/dev.uohjung.de\/?page_id=83"},"modified":"2021-03-06T19:38:28","modified_gmt":"2021-03-06T19:38:28","slug":"belletristik","status":"publish","type":"page","link":"https:\/\/www.uohjung.de\/?page_id=83","title":{"rendered":"Belletristik"},"content":{"rendered":"<p>Meine erste Liebe galt der afro-amerikanischen Literatur, zu der ich sp\u00e4ter auch wieder zur\u00fcckgekehrt bin.<\/p>\n<p><u>Ausgew\u00e4hlte Publikationen zum Thema<\/u><\/p>\n<p style=\"margin-left: 3em; text-indent: -3em;\">1975\u00a0 \u201aSpirit-Torsos of Exquisite Strength\u2019: The Theme of Individual Weakness vs. Collective Strength in Two of Toomer\u2019s Poems. <em>CLA Journal<\/em> 19, 261-267.<\/p>\n<p style=\"margin-left: 3em; text-indent: -3em;\">1977\u00a0 \u201aNora\u2019 is \u201aCalling Jesus\u2019: A Nineteenth Century European Dilemma in an African American Garb. <em>CLA Journal<\/em> 21, 251-255.<\/p>\n<p style=\"margin-left: 3em; text-indent: -3em;\">2009\u00a0 Wer hat Angst vorm Schwarzen Gott? Zum Christusbild bei Langston Hughes. <em>Praxis Fremdsprachenunterricht<\/em> 4, 14-18.<\/p>\n<p><strong>\u00a0<\/strong><\/p>\n","protected":false},"excerpt":{"rendered":"<p>Meine erste Liebe galt der afro-amerikanischen Literatur, zu der ich sp\u00e4ter auch wieder zur\u00fcckgekehrt bin. Ausgew\u00e4hlte Publikationen zum Thema 1975\u00a0 \u201aSpirit-Torsos of Exquisite Strength\u2019: The Theme of Individual Weakness vs. Collective Strength in Two of Toomer\u2019s Poems. CLA Journal 19, 261-267. 1977\u00a0 \u201aNora\u2019 is \u201aCalling Jesus\u2019: A Nineteenth Century European Dilemma in an African American &hellip; <a href=\"https:\/\/www.uohjung.de\/?page_id=83\" class=\"more-link\"><span class=\"screen-reader-text\">\u201eBelletristik\u201c<\/span> weiterlesen<\/a><\/p>\n","protected":false},"author":3,"featured_media":0,"parent":0,"menu_order":0,"comment_status":"closed","ping_status":"closed","template":"","meta":{"footnotes":""},"class_list":["post-83","page","type-page","status-publish","hentry"],"_links":{"self":[{"href":"https:\/\/www.uohjung.de\/index.php?rest_route=\/wp\/v2\/pages\/83","targetHints":{"allow":["GET"]}}],"collection":[{"href":"https:\/\/www.uohjung.de\/index.php?rest_route=\/wp\/v2\/pages"}],"about":[{"href":"https:\/\/www.uohjung.de\/index.php?rest_route=\/wp\/v2\/types\/page"}],"author":[{"embeddable":true,"href":"https:\/\/www.uohjung.de\/index.php?rest_route=\/wp\/v2\/users\/3"}],"replies":[{"embeddable":true,"href":"https:\/\/www.uohjung.de\/index.php?rest_route=%2Fwp%2Fv2%2Fcomments&post=83"}],"version-history":[{"count":5,"href":"https:\/\/www.uohjung.de\/index.php?rest_route=\/wp\/v2\/pages\/83\/revisions"}],"predecessor-version":[{"id":388,"href":"https:\/\/www.uohjung.de\/index.php?rest_route=\/wp\/v2\/pages\/83\/revisions\/388"}],"wp:attachment":[{"href":"https:\/\/www.uohjung.de\/index.php?rest_route=%2Fwp%2Fv2%2Fmedia&parent=83"}],"curies":[{"name":"wp","href":"https:\/\/api.w.org\/{rel}","templated":true}]}}