{"id":86,"date":"2016-01-29T06:18:33","date_gmt":"2016-01-29T06:18:33","guid":{"rendered":"http:\/\/dev.uohjung.de\/?page_id=86"},"modified":"2021-03-07T19:47:43","modified_gmt":"2021-03-07T19:47:43","slug":"fremdsprachendidaktik","status":"publish","type":"page","link":"https:\/\/www.uohjung.de\/?page_id=86","title":{"rendered":"Fremdsprachendidaktik"},"content":{"rendered":"<p>Ich habe das Sprachlabor immer als ein n\u00fctzliches Instrument angesehen. Es muss jedoch durch <em>prozessmediale<\/em> (Rundfunk\/Fernsehen) und <em>produktmediale<\/em>\u00a0Arbeitsmittel (Audiorecorder\/Videorecorder) erg\u00e4nzt werden. Ohne das <em>Interaktionsmedium<\/em> Computer oder das <em>Leermedium<\/em> Internet ist moderner Fremdsprachenunterricht heutzutage nicht mehr denkbar.<\/p>\n<p>Die datenbankm\u00e4\u00dfig aufbereitete Literatur zu CALL (Computer Assisted Language Learning) l\u00e4sst erkennen, woher wir kommen, wo wir stehen und in welche Richtung wir uns (aller Voraussicht nach) bewegen. Dabei ist jedoch darauf zu achten, dass wir die traditionellen Medien (Lehrbuch, Tafel, Lekt\u00fcre, Lernerw\u00f6rterbuch, Telefon, Zeitung) und Verfahren (Plenum, Rollenspiel, Feldarbeit, Hausaufgabe, Gruppenarbeit, Freiarbeit) nicht aus den Augen verlieren. Erst das Zusammenspiel von alten und neuen Medien, die Nutzung von <em>Omnimedia<\/em>, f\u00fchrt zu einer befriedigenden Praxis f\u00fcr Lehrer und Sch\u00fcler.<\/p>\n<p><u>Ausgew\u00e4hlte Publikationen zum Thema<\/u><\/p>\n<p style=\"margin-left: 3em; text-indent: -3em;\">1978\u00a0 <em><a href=\"http:\/\/www.zvab.com\/Sprachlabor-M\u00f6glichkeiten-Grenzen-technischer-Medien-Unterricht\/11112519355\/bd\" target=\"_blank\" rel=\"noopener\">Das Sprachlabor. M\u00f6glichkeiten und Grenzen technischer Medien im Unterricht<\/a>.<\/em> K\u00f6nigstein\/Ts., Scriptor Verlag.<\/p>\n<p style=\"margin-left: 3em; text-indent: -3em;\">1988\u00a0 <em><a href=\"https:\/\/www.peterlang.com\/search?q1=computers+in+applied+linguistics+and+language+teaching&amp;searchBtn=\" target=\"_blank\" rel=\"noopener\">Computers in Applied Linguistics and Language Teaching<\/a>.<\/em> Frankfurt a.M., Peter Lang Verlag.<\/p>\n<p style=\"margin-left: 3em; text-indent: -3em;\">1990\u00a0 The Challenge of Broadcast Videotex to Applied Linguistics. <em>International Review of Applied Linguistics in Language Teaching<\/em> 28 (3), 201-220.<\/p>\n<p style=\"margin-left: 3em; text-indent: -3em;\">2002\u00a0 Medien im Fremdsprachenunterricht \u2013 Wozu braucht man sie eigentlich? <em>Fremdsprachen und Hochschule<\/em> 66, 7-44.<\/p>\n<p style=\"margin-left: 3em; text-indent: -3em;\">2003\u00a0 Fremdsprachenlernen gesteuert durch Massenmedien. In: Bausch, Karl-Richard \/ Christ, Herbert \/ Krumm, Hans-J\u00fcrgen (eds.). <em>Handbuch Fremdsprachenunterricht<\/em> 5. Auflage. T\u00fcbingen &amp; Basel, A. Francke Verlag, pp. 192-195.<\/p>\n<p style=\"margin-left: 3em; text-indent: -3em;\">2004\u00a0 <a href=\"http:\/\/eric.ed.gov\/?id=EJ803937\" target=\"_blank\" rel=\"noopener\">Paris in London Revisited or the Foreign Language Teacher\u2019s Top-Most-Journals<\/a>. <em>System<\/em> 32 (3), 357-361.<\/p>\n<p style=\"margin-left: 3em; text-indent: -3em;\">2005\u00a0 <a href=\"https:\/\/www.cambridge.org\/core\/journals\/recall\/article\/call-past-present-and-future-a-bibliometric-approach\/95ABC2B7E3A5C95101D1CAAF424B772B\" target=\"_blank\" rel=\"noopener\">CALL: Past, Present and Future \u2013 a Bibliometric Approach<\/a>. <em>ReCALL<\/em> 17 (1), 4-17.<\/p>\n<p style=\"margin-left: 3em; text-indent: -3em;\">2005\u00a0 <a href=\"http:\/\/docplayer.net\/2799067-System-33-2005-135-185-literature-an-international-bibliography-of-computerassisted-language-learning-sixth-instalment-udo-o-h.html\" target=\"_blank\" rel=\"noopener\">An international Bibliography of Computer-Assisted Language Learning. Sixth Instalment<\/a>. <em>System<\/em> 33 (1), 135-185.<\/p>\n<p style=\"margin-left: 3em; text-indent: -3em;\">2009\u00a0 <em><a href=\"http:\/\/www.amazon.de\/Praktische-Handreichung-Fremdsprachenlehrer-Zusammenarbeit-Glottodidactics\/dp\/3631597886\" target=\"_blank\" rel=\"noopener\">Praktische Handreichung f\u00fcr Fremdsprachenlehrer<\/a>.<\/em> 5. durchges. Auflage. Frankfurt a.M., Peter Lang Verlag (in Zusammenarbeit mit Heidrun Jung).<\/p>\n<p style=\"margin-left: 3em; text-indent: -3em;\">2009\u00a0 <a href=\"http:\/\/d-nb.info\/99966011X\/04\" target=\"_blank\" rel=\"noopener\">Fremdsprachenlerneignung: Mythos? Tabu? Forschungsdesiderat!<\/a> In: Albl-Mikasa, Michaela \/ Braun, Sabine \/ Kal\u00edna, Sylvia (eds.). <em>Dimensionen der Zweitsprachenforschung \/ Dimensions of Second Language Research.<\/em> T\u00fcbingen, Narr Francke Attempto Verlag, pp. 17-28.<\/p>\n<p style=\"margin-left: 3em; text-indent: -3em;\">2010\u00a0 <a href=\"http:\/\/d-nb.info\/1000446395\/04\" target=\"_blank\" rel=\"noopener\">Tafelbild und Tafelanschrieb: Stiefkinder der Fachdidaktik<\/a>. In: Hecke, Carola &amp; Surkamp, Carola (eds.). <em>Bilder im Fremdsprachenunterricht<\/em>. T\u00fcbingen, Narr Verlag, pp. 111-126.<\/p>\n<p>2021 <em><a href=\"https:\/\/www.bod.de\/buchshop\/investigativer-fremdsprachenunterricht-udo-o-h-jung-9783753408460\">Investigativer Fremdsprachenunterricht<\/a><\/em>. Norderstedt, BoD.<\/p>\n\n\n<p><\/p>\n","protected":false},"excerpt":{"rendered":"<p>Ich habe das Sprachlabor immer als ein n\u00fctzliches Instrument angesehen. Es muss jedoch durch prozessmediale (Rundfunk\/Fernsehen) und produktmediale\u00a0Arbeitsmittel (Audiorecorder\/Videorecorder) erg\u00e4nzt werden. Ohne das Interaktionsmedium Computer oder das Leermedium Internet ist moderner Fremdsprachenunterricht heutzutage nicht mehr denkbar. Die datenbankm\u00e4\u00dfig aufbereitete Literatur zu CALL (Computer Assisted Language Learning) l\u00e4sst erkennen, woher wir kommen, wo wir stehen und &hellip; <a href=\"https:\/\/www.uohjung.de\/?page_id=86\" class=\"more-link\"><span class=\"screen-reader-text\">\u201eFremdsprachendidaktik\u201c<\/span> weiterlesen<\/a><\/p>\n","protected":false},"author":3,"featured_media":0,"parent":0,"menu_order":0,"comment_status":"closed","ping_status":"closed","template":"","meta":{"footnotes":""},"class_list":["post-86","page","type-page","status-publish","hentry"],"_links":{"self":[{"href":"https:\/\/www.uohjung.de\/index.php?rest_route=\/wp\/v2\/pages\/86","targetHints":{"allow":["GET"]}}],"collection":[{"href":"https:\/\/www.uohjung.de\/index.php?rest_route=\/wp\/v2\/pages"}],"about":[{"href":"https:\/\/www.uohjung.de\/index.php?rest_route=\/wp\/v2\/types\/page"}],"author":[{"embeddable":true,"href":"https:\/\/www.uohjung.de\/index.php?rest_route=\/wp\/v2\/users\/3"}],"replies":[{"embeddable":true,"href":"https:\/\/www.uohjung.de\/index.php?rest_route=%2Fwp%2Fv2%2Fcomments&post=86"}],"version-history":[{"count":17,"href":"https:\/\/www.uohjung.de\/index.php?rest_route=\/wp\/v2\/pages\/86\/revisions"}],"predecessor-version":[{"id":397,"href":"https:\/\/www.uohjung.de\/index.php?rest_route=\/wp\/v2\/pages\/86\/revisions\/397"}],"wp:attachment":[{"href":"https:\/\/www.uohjung.de\/index.php?rest_route=%2Fwp%2Fv2%2Fmedia&parent=86"}],"curies":[{"name":"wp","href":"https:\/\/api.w.org\/{rel}","templated":true}]}}