{"id":94,"date":"2016-01-29T06:16:40","date_gmt":"2016-01-29T06:16:40","guid":{"rendered":"http:\/\/dev.uohjung.de\/?page_id=94"},"modified":"2016-09-15T11:17:44","modified_gmt":"2016-09-15T11:17:44","slug":"akronyme-und-abkuerzungen","status":"publish","type":"page","link":"https:\/\/www.uohjung.de\/?page_id=94","title":{"rendered":"Akronyme und Abk\u00fcrzungen"},"content":{"rendered":"<p>Die Dokumentation der in- und ausl\u00e4ndischen Literatur zur Angewandten Linguistik machte auf das Ph\u00e4nomen der Akronyme und Abk\u00fcrzungen aufmerksam, die ohne R\u00fccksicht auf den Leser verwendet, aber nicht erkl\u00e4rt wurden. Das zusammen mit meiner Frau Heidrun kompilierte <em>Dictionary of Acronyms and Abbreviations in Applied Linguistics and Language Learning<\/em> versammelt die in der Fachliteratur zwischen 1900 und 1991 benutzten Kurzformen und gibt Hinweise auf den Verwendungskontext. Durch Querverweise entsteht ein Beziehungsgef\u00fcge, das dem Novizen hilft, sich zurecht zu finden und dem Forscher die Suche erleichtert.<\/p>\n<p><u>Ausgew\u00e4hlte Publikationen zum Thema<\/u><\/p>\n<p style=\"margin-left: 3em; text-indent: -3em;\">1987\u00a0 <a href=\"https:\/\/epub.ub.uni-muenchen.de\/5098\/1\/5098.pdf\" target=\"_blank\">\u201aNemini parcetur\u2019: Morphological Aspects of Acronyms in English and German: A Contrastive Analysis<\/a>. In: L\u00f6rscher, Wolfgang &amp; Schulze, Rainer (eds.). <em>Perspectives on Language in Performance.<\/em> T\u00fcbingen, Narr Verlag, pp. 148-158.<\/p>\n<p style=\"margin-left: 3em; text-indent: -3em;\">1991\u00a0 <em><a href=\"https:\/\/www.peterlang.com\/view\/product\/48122?rskey=DGKXqE&amp;result=11\" target=\"_blank\">The Dictionary of Acronyms and Abbreviations in Applied Linguistics and Language Learning<\/a><\/em> (2 vols.). Frankfurt a.M., Peter Lang Verlag (zusammen mit Heidrun Jung).<\/p>\n<p style=\"margin-left: 3em; text-indent: -3em;\">1995\u00a0 <a href=\"http:\/\/lbib.de\/Handbuch-Englisch-als-Fremdsprache-HEF-26110\" target=\"_blank\">Clippings, Blends, Acronyms<\/a>. In: Ahrens, R\u00fcdiger \/ Bald, Wolf-Dietrich \/ H\u00fcllen, Werner (eds.). <em>Handbuch Englisch als Fremdsprache<\/em>. Berlin, Erich Schmidt Verlag, pp. 116-119.<\/p>\n<p style=\"margin-left: 3em; text-indent: -3em;\">2003\u00a0 <a href=\"https:\/\/www.peterlang.com\/view\/product\/40478?rskey=J6zq7S&amp;result=1\" target=\"_blank\">Kurzw\u00f6rter in Fach- und Gemeinsprache: Seuche oder Segen?<\/a> In: U.O.H. Jung &amp; A. Kolesnikova (eds.). <em>Fachsprachen und Hochschule.<\/em> Frankfurt a.M., Peter Lang Verlag, pp. 103-118.<\/p>\n","protected":false},"excerpt":{"rendered":"<p>Die Dokumentation der in- und ausl\u00e4ndischen Literatur zur Angewandten Linguistik machte auf das Ph\u00e4nomen der Akronyme und Abk\u00fcrzungen aufmerksam, die ohne R\u00fccksicht auf den Leser verwendet, aber nicht erkl\u00e4rt wurden. Das zusammen mit meiner Frau Heidrun kompilierte Dictionary of Acronyms and Abbreviations in Applied Linguistics and Language Learning versammelt die in der Fachliteratur zwischen 1900 &hellip; <a href=\"https:\/\/www.uohjung.de\/?page_id=94\" class=\"more-link\"><span class=\"screen-reader-text\">\u201eAkronyme und Abk\u00fcrzungen\u201c<\/span> weiterlesen<\/a><\/p>\n","protected":false},"author":3,"featured_media":0,"parent":0,"menu_order":0,"comment_status":"closed","ping_status":"closed","template":"","meta":{"footnotes":""},"class_list":["post-94","page","type-page","status-publish","hentry"],"_links":{"self":[{"href":"https:\/\/www.uohjung.de\/index.php?rest_route=\/wp\/v2\/pages\/94","targetHints":{"allow":["GET"]}}],"collection":[{"href":"https:\/\/www.uohjung.de\/index.php?rest_route=\/wp\/v2\/pages"}],"about":[{"href":"https:\/\/www.uohjung.de\/index.php?rest_route=\/wp\/v2\/types\/page"}],"author":[{"embeddable":true,"href":"https:\/\/www.uohjung.de\/index.php?rest_route=\/wp\/v2\/users\/3"}],"replies":[{"embeddable":true,"href":"https:\/\/www.uohjung.de\/index.php?rest_route=%2Fwp%2Fv2%2Fcomments&post=94"}],"version-history":[{"count":8,"href":"https:\/\/www.uohjung.de\/index.php?rest_route=\/wp\/v2\/pages\/94\/revisions"}],"predecessor-version":[{"id":250,"href":"https:\/\/www.uohjung.de\/index.php?rest_route=\/wp\/v2\/pages\/94\/revisions\/250"}],"wp:attachment":[{"href":"https:\/\/www.uohjung.de\/index.php?rest_route=%2Fwp%2Fv2%2Fmedia&parent=94"}],"curies":[{"name":"wp","href":"https:\/\/api.w.org\/{rel}","templated":true}]}}